{"id":83,"date":"2014-08-20T22:52:22","date_gmt":"2014-08-20T20:52:22","guid":{"rendered":"http:\/\/www.verkehr-holweide.de\/?page_id=83"},"modified":"2017-05-12T12:53:53","modified_gmt":"2017-05-12T10:53:53","slug":"kontakt","status":"publish","type":"page","link":"https:\/\/transfer.verkehr-holweide.de\/?page_id=83","title":{"rendered":"Kontakt"},"content":{"rendered":"<p style=\"text-align: justify;\">Diese Seite ist ein Angebot des Arbeitskreises &#8222;Unser Veedel&#8220; der <a href=\"http:\/\/holweide-bv.de\" target=\"_blank\" rel=\"noopener noreferrer\">B\u00fcrgervereinigung K\u00f6ln-Holweide e.V.<\/a><\/p>\n<p style=\"text-align: justify;\"><strong>Es gilt das dortige <a href=\"http:\/\/www.holweide-bv.de\/kontakt\/impressum\/\" target=\"_blank\" rel=\"noopener noreferrer\">Impressum<\/a>.<\/strong><\/p>\n<p style=\"text-align: justify;\">Wir freuen uns immer \u00fcber Anregungen, Lob oder Kritik &#8211; denn nur so k\u00f6nnen wir Konzepte entwickeln, die einen breiten Konsens in der Bev\u00f6lkerung finden. Sehr froh sind wir auch immer \u00fcber Interessierte, die Lust haben, in unserem Arbeitskreis mitzuwirken.<\/p>\n<p style=\"text-align: justify;\">Bitte schreiben Sie an unserveedel [at] holweide-bv.de!<\/p>\n","protected":false},"excerpt":{"rendered":"<p>Diese Seite ist ein Angebot des Arbeitskreises &#8222;Unser Veedel&#8220; der B\u00fcrgervereinigung K\u00f6ln-Holweide e.V. Es gilt das dortige Impressum. Wir freuen uns immer \u00fcber Anregungen, Lob oder Kritik &#8211; denn nur so k\u00f6nnen wir Konzepte entwickeln, die einen breiten Konsens in der Bev\u00f6lkerung finden. Sehr froh sind wir auch immer \u00fcber Interessierte, die Lust haben, in [&hellip;]<\/p>\n","protected":false},"author":1,"featured_media":0,"parent":0,"menu_order":0,"comment_status":"open","ping_status":"open","template":"","meta":{"footnotes":""},"_links":{"self":[{"href":"https:\/\/transfer.verkehr-holweide.de\/index.php?rest_route=\/wp\/v2\/pages\/83"}],"collection":[{"href":"https:\/\/transfer.verkehr-holweide.de\/index.php?rest_route=\/wp\/v2\/pages"}],"about":[{"href":"https:\/\/transfer.verkehr-holweide.de\/index.php?rest_route=\/wp\/v2\/types\/page"}],"author":[{"embeddable":true,"href":"https:\/\/transfer.verkehr-holweide.de\/index.php?rest_route=\/wp\/v2\/users\/1"}],"replies":[{"embeddable":true,"href":"https:\/\/transfer.verkehr-holweide.de\/index.php?rest_route=%2Fwp%2Fv2%2Fcomments&post=83"}],"version-history":[{"count":5,"href":"https:\/\/transfer.verkehr-holweide.de\/index.php?rest_route=\/wp\/v2\/pages\/83\/revisions"}],"predecessor-version":[{"id":564,"href":"https:\/\/transfer.verkehr-holweide.de\/index.php?rest_route=\/wp\/v2\/pages\/83\/revisions\/564"}],"wp:attachment":[{"href":"https:\/\/transfer.verkehr-holweide.de\/index.php?rest_route=%2Fwp%2Fv2%2Fmedia&parent=83"}],"curies":[{"name":"wp","href":"https:\/\/api.w.org\/{rel}","templated":true}]}}